{"id":2,"date":"2014-11-13T09:17:05","date_gmt":"2014-11-13T09:17:05","guid":{"rendered":"http:\/\/formacionprofesorado.educacion.navarra.es\/web\/?page_id=2"},"modified":"2021-04-29T17:59:39","modified_gmt":"2021-04-29T15:59:39","slug":"contacto","status":"publish","type":"page","link":"https:\/\/formacionprofesorado.educacion.navarra.es\/web\/contacto\/","title":{"rendered":"Contacto"},"content":{"rendered":"<p style=\"text-align: center;\">Secci\u00f3n de Formaci\u00f3n y Calidad &#8211; Prestakuntza eta Kalitate Atala<\/p>\n<p style=\"text-align: center;\">Correo electr\u00f3nico: <a href=\"mailto:cap00102@educacion.navarra.es\">cap00102@educacion.navarra.es<\/a><br \/>\nTlf.: 848 42 47 75<\/p>\n","protected":false},"excerpt":{"rendered":"<p>Secci\u00f3n de Formaci\u00f3n y Calidad &#8211; Prestakuntza eta Kalitate Atala Correo electr\u00f3nico: cap00102@educacion.navarra.es Tlf.: 848 42 47 75<\/p>\n","protected":false},"author":1,"featured_media":18,"parent":0,"menu_order":0,"comment_status":"closed","ping_status":"closed","template":"","meta":{"_genesis_hide_title":false,"_genesis_hide_breadcrumbs":false,"_genesis_hide_singular_image":false,"_genesis_hide_footer_widgets":false,"_genesis_custom_body_class":"","_genesis_custom_post_class":"","_genesis_layout":""},"_links":{"self":[{"href":"https:\/\/formacionprofesorado.educacion.navarra.es\/web\/wp-json\/wp\/v2\/pages\/2"}],"collection":[{"href":"https:\/\/formacionprofesorado.educacion.navarra.es\/web\/wp-json\/wp\/v2\/pages"}],"about":[{"href":"https:\/\/formacionprofesorado.educacion.navarra.es\/web\/wp-json\/wp\/v2\/types\/page"}],"author":[{"embeddable":true,"href":"https:\/\/formacionprofesorado.educacion.navarra.es\/web\/wp-json\/wp\/v2\/users\/1"}],"replies":[{"embeddable":true,"href":"https:\/\/formacionprofesorado.educacion.navarra.es\/web\/wp-json\/wp\/v2\/comments?post=2"}],"version-history":[{"count":0,"href":"https:\/\/formacionprofesorado.educacion.navarra.es\/web\/wp-json\/wp\/v2\/pages\/2\/revisions"}],"wp:featuredmedia":[{"embeddable":true,"href":"https:\/\/formacionprofesorado.educacion.navarra.es\/web\/wp-json\/wp\/v2\/media\/18"}],"wp:attachment":[{"href":"https:\/\/formacionprofesorado.educacion.navarra.es\/web\/wp-json\/wp\/v2\/media?parent=2"}],"curies":[{"name":"wp","href":"https:\/\/api.w.org\/{rel}","templated":true}]}}