{"id":66,"date":"2014-11-14T11:41:39","date_gmt":"2014-11-14T10:41:39","guid":{"rendered":"http:\/\/formacionprofesorado.educacion.navarra.es\/web\/?page_id=66"},"modified":"2019-03-25T11:06:02","modified_gmt":"2019-03-25T10:06:02","slug":"estancias-en-empresa","status":"publish","type":"page","link":"https:\/\/formacionprofesorado.educacion.navarra.es\/web\/estancias-en-empresa\/","title":{"rendered":"Estancias en empresa"},"content":{"rendered":"\n<p><a href=\"http:\/\/www.navarra.es\/home_es\/Servicios\/ficha\/7801\/Estancias-en-empresas-para-actualizacion-cientifica-y-tecnologica-del-docente-Curso-2019-2020\" target=\"_blank\" rel=\"noreferrer noopener\" aria-label=\"Enlace a la p\u00e1gina de Estancias en empresas para la actualizaci\u00f3n cient\u00edfica y tecnol\u00f3gica del docente Curso 2019-2020 (abre en una nueva pesta\u00f1a)\">Enlace a la p\u00e1gina de Estancias en empresas para la actualizaci\u00f3n cient\u00edfica y tecnol\u00f3gica del docente Curso 2019-2020<\/a><\/p>\n","protected":false},"excerpt":{"rendered":"<p>Enlace a la p\u00e1gina de Estancias en empresas para la actualizaci\u00f3n cient\u00edfica y tecnol\u00f3gica del docente Curso 2019-2020<\/p>\n","protected":false},"author":1,"featured_media":0,"parent":0,"menu_order":0,"comment_status":"closed","ping_status":"closed","template":"","meta":{"_genesis_hide_title":false,"_genesis_hide_breadcrumbs":false,"_genesis_hide_singular_image":false,"_genesis_hide_footer_widgets":false,"_genesis_custom_body_class":"","_genesis_custom_post_class":"","_genesis_layout":""},"_links":{"self":[{"href":"https:\/\/formacionprofesorado.educacion.navarra.es\/web\/wp-json\/wp\/v2\/pages\/66"}],"collection":[{"href":"https:\/\/formacionprofesorado.educacion.navarra.es\/web\/wp-json\/wp\/v2\/pages"}],"about":[{"href":"https:\/\/formacionprofesorado.educacion.navarra.es\/web\/wp-json\/wp\/v2\/types\/page"}],"author":[{"embeddable":true,"href":"https:\/\/formacionprofesorado.educacion.navarra.es\/web\/wp-json\/wp\/v2\/users\/1"}],"replies":[{"embeddable":true,"href":"https:\/\/formacionprofesorado.educacion.navarra.es\/web\/wp-json\/wp\/v2\/comments?post=66"}],"version-history":[{"count":0,"href":"https:\/\/formacionprofesorado.educacion.navarra.es\/web\/wp-json\/wp\/v2\/pages\/66\/revisions"}],"wp:attachment":[{"href":"https:\/\/formacionprofesorado.educacion.navarra.es\/web\/wp-json\/wp\/v2\/media?parent=66"}],"curies":[{"name":"wp","href":"https:\/\/api.w.org\/{rel}","templated":true}]}}