{"id":81,"date":"2014-11-14T11:47:11","date_gmt":"2014-11-14T10:47:11","guid":{"rendered":"http:\/\/formacionprofesorado.educacion.navarra.es\/web\/?page_id=81"},"modified":"2026-01-09T15:07:00","modified_gmt":"2026-01-09T14:07:00","slug":"formacion-continua","status":"publish","type":"page","link":"https:\/\/formacionprofesorado.educacion.navarra.es\/web\/formacion-permanente\/formacion-continua\/","title":{"rendered":"Formaci\u00f3n continua"},"content":{"rendered":"<p>\u00a0<\/p>\n<p class=\"foral-f-parrafo-c\">El Departamento de Educaci\u00f3n lidera la planificaci\u00f3n y el desarrollo de la formaci\u00f3n permanente, un derecho y una obligaci\u00f3n de todo el profesorado y una responsabilidad de las Administraciones educativas y de los propios centros. Las horas de formaci\u00f3n obligatoria se desglosar\u00e1n en formaci\u00f3n institucional del centro y en formaci\u00f3n individual. En este sentido, los centros establecer\u00e1n un programa de formaci\u00f3n institucional para todo el profesorado del centro; el contenido del mismo y su distribuci\u00f3n horaria a lo largo del curso figurar\u00e1n en el Plan de formaci\u00f3n del centro y ser\u00e1n fijados y organizados por el equipo directivo teniendo en cuenta los objetivos del Plan de mejora. Tendr\u00e1n car\u00e1cter prioritario y ser\u00e1n de obligado cumplimiento para todo el profesorado, siendo su cumplimiento supervisado por el servicio de Inspecci\u00f3n Educativa.<\/p>\n<p class=\"foral-f-parrafo-c\">Todos los docentes que est\u00e9n trabajando en un centro educativo deber\u00e1n realizar las actividades de formaci\u00f3n institucional programadas durante su permanencia en el centro a no ser que las hayan realizado en otro centro educativo durante el mismo curso escolar. En este caso, deber\u00e1n presentar a la direcci\u00f3n del centro la acreditaci\u00f3n correspondiente indicando el tipo de formaci\u00f3n y el n\u00famero de horas cursado.\u00a0<\/p>\n<p class=\"foral-f-parrafo-c\">En las escuelas rurales que compartan la PGA o que realicen tareas coordinadas la formaci\u00f3n de centros se organizar\u00e1 para la zona.<\/p>\n<p class=\"foral-f-parrafo-c\">Si bien la formaci\u00f3n institucional es de obligado cumplimiento en cada curso acad\u00e9mico, la formaci\u00f3n individual podr\u00e1 realizarse en un plazo de dos cursos acad\u00e9micos, siempre y cuando el c\u00f3mputo bienal de horas dedicadas a formaci\u00f3n cumpla con lo establecido en las instrucciones de inicio de curso <a href=\"https:\/\/bon.navarra.es\/es\/anuncio\/-\/texto\/2019\/155\/32\/\" target=\"_blank\" rel=\"noopener noreferrer\">instrucciones de organizaci\u00f3n y funcionamiento<\/a>.<\/p>\n<p><strong>El derecho a la formaci\u00f3n<\/strong><\/p>\n<p>Se articula a trav\u00e9s del Plan Anual de Formaci\u00f3n Permanente del Profesorado, como instrumento b\u00e1sico que orienta y coordina la actividad desarrollada por la Red de Formaci\u00f3n Permanente del Profesorado de Navarra. Para ello, establece unas l\u00edneas prioritarias y unos programas preferentes.<\/p>\n<p>El Plan ofrece una visi\u00f3n de conjunto de las actividades previstas a principio de curso y establece cauces para que dichas actividades se vean enriquecidas por otras que puedan surgir durante el curso escolar: grupos de trabajo, dise\u00f1os promovidos desde los centros educativos con el objetivo de concretar sus Planes de formaci\u00f3n de centro.<\/p>\n<p>Con respecto a la inscripci\u00f3n y participaci\u00f3n en las diferentes actividades:<\/p>\n<p>&#8211; Los CAP (Centros de Apoyo al Profesorado) se responsabilizan de la organizaci\u00f3n y desarrollo de las actividades previstas en su zona de influencia.<\/p>\n<ul>\n<li><a title=\"Informaci\u00f3n general CAP Estella\" href=\"https:\/\/formacionprofesorado.educacion.navarra.es\/web\/informacion-general\/\">Estella<\/a><\/li>\n<li><a title=\"Informaci\u00f3n general CAP Lekaroz\" href=\"https:\/\/formacionprofesorado.educacion.navarra.es\/web\/informacion-general-2\/\">Lekaroz<\/a><\/li>\n<li><a title=\"Informaci\u00f3n general CAP Pamplona\" href=\"https:\/\/formacionprofesorado.educacion.navarra.es\/web\/informacion-general-3\/\">Pamplona<\/a><\/li>\n<li><a title=\"Informaci\u00f3n general CAP Tafalla\" href=\"https:\/\/formacionprofesorado.educacion.navarra.es\/web\/informacion-general-4\/\">Tafalla<\/a><\/li>\n<li><a title=\"Informaci\u00f3n general CAP Tudela\" href=\"https:\/\/formacionprofesorado.educacion.navarra.es\/web\/informacion-general-5\/\">Tudela<\/a><\/li>\n<\/ul>\n<p>&#8211; El EIBZ (Euskararen Irakaskuntzarako Baliabide Zentroa) se responsabiliza de la organizaci\u00f3n y desarrollo de la <a href=\"http:\/\/centros.educacion.navarra.es\/eibz\" target=\"_blank\" rel=\"noopener\">formaci\u00f3n en euskera<\/a>.<\/p>\n<p>&#8211; Ikasnova se responsabiliza de la organizaci\u00f3n y desarrollo de la <a href=\"https:\/\/www.educacion.navarra.es\/web\/pnte\/catalogo-de-cursos\" target=\"_blank\" rel=\"noopener\">formaci\u00f3n a distancia<\/a>.<\/p>\n\n\n<p><\/p>\n","protected":false},"excerpt":{"rendered":"<p>\u00a0 El Departamento de Educaci\u00f3n lidera la planificaci\u00f3n y el desarrollo de la formaci\u00f3n permanente, un derecho y una obligaci\u00f3n de todo el profesorado y una responsabilidad de las Administraciones educativas y de los propios centros. Las horas de formaci\u00f3n obligatoria se desglosar\u00e1n en formaci\u00f3n institucional del centro y en formaci\u00f3n individual. En este sentido, [&hellip;]<\/p>\n","protected":false},"author":1,"featured_media":0,"parent":77,"menu_order":0,"comment_status":"closed","ping_status":"closed","template":"","meta":{"_genesis_hide_title":false,"_genesis_hide_breadcrumbs":false,"_genesis_hide_singular_image":false,"_genesis_hide_footer_widgets":false,"_genesis_custom_body_class":"","_genesis_custom_post_class":"","_genesis_layout":""},"_links":{"self":[{"href":"https:\/\/formacionprofesorado.educacion.navarra.es\/web\/wp-json\/wp\/v2\/pages\/81"}],"collection":[{"href":"https:\/\/formacionprofesorado.educacion.navarra.es\/web\/wp-json\/wp\/v2\/pages"}],"about":[{"href":"https:\/\/formacionprofesorado.educacion.navarra.es\/web\/wp-json\/wp\/v2\/types\/page"}],"author":[{"embeddable":true,"href":"https:\/\/formacionprofesorado.educacion.navarra.es\/web\/wp-json\/wp\/v2\/users\/1"}],"replies":[{"embeddable":true,"href":"https:\/\/formacionprofesorado.educacion.navarra.es\/web\/wp-json\/wp\/v2\/comments?post=81"}],"version-history":[{"count":0,"href":"https:\/\/formacionprofesorado.educacion.navarra.es\/web\/wp-json\/wp\/v2\/pages\/81\/revisions"}],"up":[{"embeddable":true,"href":"https:\/\/formacionprofesorado.educacion.navarra.es\/web\/wp-json\/wp\/v2\/pages\/77"}],"wp:attachment":[{"href":"https:\/\/formacionprofesorado.educacion.navarra.es\/web\/wp-json\/wp\/v2\/media?parent=81"}],"curies":[{"name":"wp","href":"https:\/\/api.w.org\/{rel}","templated":true}]}}