{"id":816,"date":"2017-10-11T14:31:37","date_gmt":"2017-10-11T12:31:37","guid":{"rendered":"http:\/\/formacionprofesorado.educacion.navarra.es\/web\/?page_id=816"},"modified":"2026-01-09T13:54:24","modified_gmt":"2026-01-09T12:54:24","slug":"programa-formativo-sobre-la-funcion-directiva","status":"publish","type":"page","link":"https:\/\/formacionprofesorado.educacion.navarra.es\/web\/programa-formativo-sobre-la-funcion-directiva\/","title":{"rendered":"Programa formativo sobre la funci\u00f3n directiva"},"content":{"rendered":"<p align=\"justify\">Las demandas actuales del sistema educativo (mayor eficacia, atenci\u00f3n a la diversidad, cambios metodol\u00f3gicos, etc.) hacen patente la necesidad de que los equipos directivos, adem\u00e1s de mantener un perfil docente, desarrollen competencias profesionales que incluyan la gesti\u00f3n, la participaci\u00f3n en la comunidad y el liderazgo.<\/p>\n<p align=\"justify\">Son muchos los estudios que relacionan el \u00e9xito de una organizaci\u00f3n escolar con el modelo de direcci\u00f3n.<\/p>\n<p align=\"justify\">Desde la Secci\u00f3n de Formaci\u00f3n y Calidad pretendemos dise\u00f1ar un programa formativo que dote a los centros educativos de una direcci\u00f3n preparada y con recursos para afrontar los retos a los que se enfrentan en el d\u00eda a d\u00eda.<\/p>\n<p align=\"justify\">El programa constituye un itinerario formativo estructurado que responde a lo establecido en el Real Decreto 894\/2014, de 17 de octubre, por el que se desarrollan las caracter\u00edsticas del curso de formaci\u00f3n sobre el desarrollo de la funci\u00f3n directiva.<\/p>\n<p><b>Objetivos del Programa<\/b><\/p>\n<p align=\"justify\">Los objetivos del programa formativo son los siguientes:<\/p>\n<ul>\n<li>\n<p align=\"justify\">Motivar al profesorado para asumir la responsabilidad que conlleva la direcci\u00f3n de centros escolares.<\/p>\n<\/li>\n<li>\n<p align=\"justify\">Formar equipos cualificados y competentes que dirijan los centros educativos no universitarios de Navarra.<\/p>\n<\/li>\n<li>\n<p align=\"justify\">Ofrecer un itinerario formativo a las personas que deseen participar en un equipo directivo.<\/p>\n<\/li>\n<li>\n<p align=\"justify\">Crear un espacio de reflexi\u00f3n e intercambio de experiencias para facilitar la labor de los equipos directivos.<\/p>\n<\/li>\n<li>\n<p align=\"justify\">Promocionar la formaci\u00f3n entre iguales, utilizando la puesta en com\u00fan, tutor\u00eda y mentorizaci\u00f3n.<\/p>\n<\/li>\n<li>\n<p align=\"justify\">Dar soporte y acompa\u00f1amiento a los equipos directivos existentes frente a nuevas necesidades.<\/p>\n<\/li>\n<li>\n<p align=\"justify\">Aprovechar el \u00absaber hacer\u00bb de los equipos directivos exitosos como fuente de aprendizaje.<\/p>\n<\/li>\n<\/ul>\n<div>&nbsp; &nbsp; &nbsp;<strong>Responsable: <\/strong>CAP Pamplona<\/div>\n<div>&nbsp; &nbsp; &nbsp; &nbsp; &nbsp; &nbsp; &nbsp; &nbsp; &nbsp; &nbsp; &nbsp; &nbsp; &nbsp; &nbsp; Tlf.: 848 430 396<\/div>\n<div>&nbsp; &nbsp; &nbsp; &nbsp; &nbsp; &nbsp; &nbsp; &nbsp; &nbsp; &nbsp; &nbsp; &nbsp; &nbsp; &nbsp; <a href=\"mailto:artistica.cap.pamplona@educacion.navarra.es\">artistica.cap.pamplona@educacion.navarra.es<\/a><\/div>\n<div><\/div>\n<div><\/div>\n<div><\/div>\n<div><\/div>\n<div><a href=\"https:\/\/formacionprofesorado.educacion.navarra.es\/web\/faq\/\">FAQ (preguntas frecuentes)<\/a><\/div>\n<div><\/div>\n","protected":false},"excerpt":{"rendered":"<p>Las demandas actuales del sistema educativo (mayor eficacia, atenci\u00f3n a la diversidad, cambios metodol\u00f3gicos, etc.) hacen patente la necesidad de que los equipos directivos, adem\u00e1s de mantener un perfil docente, desarrollen competencias profesionales que incluyan la gesti\u00f3n, la participaci\u00f3n en la comunidad y el liderazgo. Son muchos los estudios que relacionan el \u00e9xito de una [&hellip;]<\/p>\n","protected":false},"author":1,"featured_media":0,"parent":0,"menu_order":0,"comment_status":"closed","ping_status":"closed","template":"","meta":{"_genesis_hide_title":false,"_genesis_hide_breadcrumbs":false,"_genesis_hide_singular_image":false,"_genesis_hide_footer_widgets":false,"_genesis_custom_body_class":"","_genesis_custom_post_class":"","_genesis_layout":""},"_links":{"self":[{"href":"https:\/\/formacionprofesorado.educacion.navarra.es\/web\/wp-json\/wp\/v2\/pages\/816"}],"collection":[{"href":"https:\/\/formacionprofesorado.educacion.navarra.es\/web\/wp-json\/wp\/v2\/pages"}],"about":[{"href":"https:\/\/formacionprofesorado.educacion.navarra.es\/web\/wp-json\/wp\/v2\/types\/page"}],"author":[{"embeddable":true,"href":"https:\/\/formacionprofesorado.educacion.navarra.es\/web\/wp-json\/wp\/v2\/users\/1"}],"replies":[{"embeddable":true,"href":"https:\/\/formacionprofesorado.educacion.navarra.es\/web\/wp-json\/wp\/v2\/comments?post=816"}],"version-history":[{"count":0,"href":"https:\/\/formacionprofesorado.educacion.navarra.es\/web\/wp-json\/wp\/v2\/pages\/816\/revisions"}],"wp:attachment":[{"href":"https:\/\/formacionprofesorado.educacion.navarra.es\/web\/wp-json\/wp\/v2\/media?parent=816"}],"curies":[{"name":"wp","href":"https:\/\/api.w.org\/{rel}","templated":true}]}}