{"id":819,"date":"2017-10-11T14:36:03","date_gmt":"2017-10-11T12:36:03","guid":{"rendered":"http:\/\/formacionprofesorado.educacion.navarra.es\/web\/?page_id=819"},"modified":"2026-01-09T13:52:53","modified_gmt":"2026-01-09T12:52:53","slug":"faq","status":"publish","type":"page","link":"https:\/\/formacionprofesorado.educacion.navarra.es\/web\/faq\/","title":{"rendered":"FAQ (preguntas frecuentes)"},"content":{"rendered":"<p align=\"justify\">\n<p align=\"justify\"><span style=\"color: #000000;\"><b><span style=\"font-family: Arial, serif;\">\u00bfEs obligatorio estar acreditado para presentarse a concursos de m\u00e9ritos para la selecci\u00f3n de directores\/as?<\/span><\/b><\/span><\/p>\n<p align=\"justify\">\u201c<span style=\"font-family: Arial, serif;\">La Ley Org\u00e1nica 8\/2013, de 9 de diciembre, modific\u00f3 el apartado 1 del art\u00edculo 134 de la Ley Org\u00e1nica 2\/2006, de 3 de mayo, de Educaci\u00f3n, para incluir entre los requisitos de participaci\u00f3n en los concursos de m\u00e9ritos para la selecci\u00f3n de directores y directoras de centros docentes p\u00fablicos el de \u00abestar en posesi\u00f3n de la certificaci\u00f3n acreditativa de haber superado un curso de formaci\u00f3n sobre el desarrollo de la funci\u00f3n directiva, impartido por el Ministerio de Educaci\u00f3n, Cultura y Deporte o por las Administraciones educativas de las comunidades aut\u00f3nomas. Las caracter\u00edsticas del curso de formaci\u00f3n ser\u00e1n desarrolladas reglamentariamente por el Gobierno. Las certificaciones tendr\u00e1n validez en todo el territorio nacional\u00bb\u201d<\/span><\/p>\n<p align=\"justify\"><span style=\"color: #000000;\"><b><span style=\"font-family: Arial, serif;\">\u00bfExiste alg\u00fan tipo de exenci\u00f3n en la realizaci\u00f3n y evaluaci\u00f3n de ciertos m\u00f3dulos?<\/span><\/b><\/span><\/p>\n<p align=\"justify\"><span style=\"color: #000000;\"><i><span style=\"font-family: Arial, serif;\">S\u00ed.<\/span><\/i><\/span><\/p>\n<p align=\"justify\">\u201c<span style=\"font-family: Arial, serif;\">Disposici\u00f3n adicional \u00fanica del Real Decreto 894\/2014, de 17 de octubre. Exenci\u00f3n de la realizaci\u00f3n y evaluaci\u00f3n de ciertos m\u00f3dulos. Quienes est\u00e9n en posesi\u00f3n de un M\u00e1ster o t\u00edtulo de postgrado, ambos de car\u00e1cter oficial, sobre direcci\u00f3n y gesti\u00f3n de centros docentes, quedar\u00e1n exentos de la realizaci\u00f3n y evaluaci\u00f3n de todos los m\u00f3dulos troncales y de los m\u00f3dulos espec\u00edficos que determine la Administraci\u00f3n educativa convocante, a excepci\u00f3n del \u00abM\u00f3dulo VI: proyecto de direcci\u00f3n\u00bb reflejado en los anexos II y III de este real decreto.\u201d<\/span><\/p>\n<p align=\"justify\"><span style=\"color: #000000;\"><b><span style=\"font-family: Arial, serif;\">\u00bfSi soy interino, puedo hacer el curso de formaci\u00f3n para la acreditaci\u00f3n?<\/span><\/b><\/span><\/p>\n<p align=\"justify\"><span style=\"color: #000000;\"><i><span style=\"font-family: Arial, serif;\">S\u00ed, si hay vacantes, pero no podr\u00e1s acceder al puesto de director\/a hasta ser funcionario de carrera. <\/span><\/i><\/span><\/p>\n<p align=\"justify\">\u201c<span style=\"font-family: Arial, serif;\">Art. 3. 1. del Real Decreto 894\/2014, de 17 de octubre. Podr\u00e1 participar en los cursos de formaci\u00f3n todo el profesorado funcionario de los centros docentes p\u00fablicos que impartan las ense\u00f1anzas reguladas por la Ley Org\u00e1nica 2\/2006, de 3 de mayo. La participaci\u00f3n del personal funcionario de carrera tendr\u00e1 en todo caso car\u00e1cter prioritario, si bien las plazas vacantes en los cursos ya convocados, que no hayan podido cubrirse por personal funcionario de carrera, podr\u00e1n ser ocupadas, en su caso, por personal funcionario interino.\u201d<\/span><\/p>\n<p align=\"justify\"><span style=\"color: #000000;\"><b><span style=\"font-family: Arial, serif;\">\u00bfCaduca la acreditaci\u00f3n obtenida tras superar el curso de formaci\u00f3n sobre el desarrollo de la funci\u00f3n directiva?<\/span><\/b><\/span><\/p>\n<p align=\"justify\"><span style=\"color: #000000;\"><i><span style=\"font-family: Arial, serif;\">No, aunque al cabo de ocho a\u00f1os, deber\u00e1 actualizarse. <\/span><\/i><\/span><\/p>\n<p align=\"justify\">\u201c<span style=\"font-family: Arial, serif;\">Art. 2. 6. del Real Decreto 894\/2014, de 17 de octubre. Los cursos de formaci\u00f3n superados tendr\u00e1n una validez indefinida. <\/span><\/p>\n<p align=\"justify\"><span style=\"font-family: Arial, serif;\">No obstante, una vez transcurrido el plazo de ocho a\u00f1os desde la expedici\u00f3n de la certificaci\u00f3n correspondiente, deber\u00e1 llevarse a cabo la actualizaci\u00f3n de los contenidos sobre los que se ejercen las competencias necesarias para el ejercicio de la funci\u00f3n p\u00fablica docente, mediante la superaci\u00f3n de los cursos de actualizaci\u00f3n de contenidos correspondientes. Dicha superaci\u00f3n de un curso de actualizaci\u00f3n de contenidos en ning\u00fan caso ser\u00e1 necesaria para la renovaci\u00f3n del nombramiento de directores, pero podr\u00e1 ser tenida en cuenta como m\u00e9rito en los procedimientos de selecci\u00f3n de directores.\u201d<\/span><\/p>\n<p align=\"justify\"><span style=\"color: #000000;\"><b><span style=\"font-family: Arial, serif;\">\u00bfLa acreditaci\u00f3n obtenida en una comunidad determinada o a trav\u00e9s de una instituci\u00f3n es v\u00e1lida para todo el territorio nacional?<\/span><\/b><\/span><\/p>\n<p align=\"justify\"><span style=\"color: #000000;\"><i><span style=\"font-family: Arial, serif;\">S\u00ed.<\/span><\/i><\/span><\/p>\n<p align=\"justify\">\u201c<span style=\"font-family: Arial, serif;\">Art. 2. 4. del Real Decreto 894\/2014, de 17 de octubre. Los participantes podr\u00e1n realizar bien los cursos impartidos por el Ministerio de Educaci\u00f3n, Cultura y Deporte, o bien los cursos que impartan las Administraciones educativas de las comunidades aut\u00f3nomas, en el marco de lo dispuesto en este real decreto. Tanto los cursos impartidos por el Ministerio de Educaci\u00f3n, Cultura y Deporte, como los impartidos por las Administraciones educativas de las comunidades aut\u00f3nomas, tendr\u00e1n validez en todo el territorio nacional.\u201d<\/span><\/p>\n<p align=\"justify\"><span style=\"color: #000000;\"><b><span style=\"font-family: Arial, serif;\">\u00bfEs obligatoria acreditarse para ser jefe de estudios, vicedirector, secretario de un centro educativo p\u00fablico?<\/span><\/b><\/span><\/p>\n<p align=\"justify\"><span style=\"color: #000000;\"><i><span style=\"font-family: Arial, serif;\">No. El art. 134.1.c de la LOE y el Real Decreto 894\/2014 se refieren exclusivamente al puesto de director\/a.<\/span><\/i><\/span><\/p>\n<p align=\"justify\"><span style=\"font-family: Arial, serif;\"><i>Extractos del Real Decreto 894\/2014, de 17 de octubre.<\/i><\/span><\/p>\n","protected":false},"excerpt":{"rendered":"<p>\u00bfEs obligatorio estar acreditado para presentarse a concursos de m\u00e9ritos para la selecci\u00f3n de directores\/as? \u201cLa Ley Org\u00e1nica 8\/2013, de 9 de diciembre, modific\u00f3 el apartado 1 del art\u00edculo 134 de la Ley Org\u00e1nica 2\/2006, de 3 de mayo, de Educaci\u00f3n, para incluir entre los requisitos de participaci\u00f3n en los concursos de m\u00e9ritos para la [&hellip;]<\/p>\n","protected":false},"author":1,"featured_media":0,"parent":0,"menu_order":0,"comment_status":"closed","ping_status":"closed","template":"","meta":{"_genesis_hide_title":false,"_genesis_hide_breadcrumbs":false,"_genesis_hide_singular_image":false,"_genesis_hide_footer_widgets":false,"_genesis_custom_body_class":"","_genesis_custom_post_class":"","_genesis_layout":""},"_links":{"self":[{"href":"https:\/\/formacionprofesorado.educacion.navarra.es\/web\/wp-json\/wp\/v2\/pages\/819"}],"collection":[{"href":"https:\/\/formacionprofesorado.educacion.navarra.es\/web\/wp-json\/wp\/v2\/pages"}],"about":[{"href":"https:\/\/formacionprofesorado.educacion.navarra.es\/web\/wp-json\/wp\/v2\/types\/page"}],"author":[{"embeddable":true,"href":"https:\/\/formacionprofesorado.educacion.navarra.es\/web\/wp-json\/wp\/v2\/users\/1"}],"replies":[{"embeddable":true,"href":"https:\/\/formacionprofesorado.educacion.navarra.es\/web\/wp-json\/wp\/v2\/comments?post=819"}],"version-history":[{"count":0,"href":"https:\/\/formacionprofesorado.educacion.navarra.es\/web\/wp-json\/wp\/v2\/pages\/819\/revisions"}],"wp:attachment":[{"href":"https:\/\/formacionprofesorado.educacion.navarra.es\/web\/wp-json\/wp\/v2\/media?parent=819"}],"curies":[{"name":"wp","href":"https:\/\/api.w.org\/{rel}","templated":true}]}}