{"id":82,"date":"2014-11-14T11:47:43","date_gmt":"2014-11-14T10:47:43","guid":{"rendered":"http:\/\/formacionprofesorado.educacion.navarra.es\/web\/?page_id=82"},"modified":"2026-01-09T14:43:34","modified_gmt":"2026-01-09T13:43:34","slug":"marco-de-formacion","status":"publish","type":"page","link":"https:\/\/formacionprofesorado.educacion.navarra.es\/web\/marco-de-formacion\/","title":{"rendered":"Marco de formaci\u00f3n"},"content":{"rendered":"<p>Las <a href=\"https:\/\/bon.navarra.es\/es\/anuncio\/-\/texto\/2019\/155\/32\/\" target=\"_blank\" rel=\"noopener noreferrer\">instrucciones de organizaci\u00f3n y funcionamiento<\/a> indican que cada centro realizar\u00e1 un Plan de Formaci\u00f3n del Profesorado partiendo de la detecci\u00f3n de necesidades, del itinerario formativo desarrollado en el centro y de las l\u00edneas estrat\u00e9gicas propuestas desde el Departamento de Educaci\u00f3n.<\/p>\n<p>Para su planificaci\u00f3n, organizaci\u00f3n, desarrollo y evaluaci\u00f3n, los centros podr\u00e1n contar con el apoyo de las asesor\u00edas de referencia de los CAP. Adem\u00e1s, cada centro educativo nombrar\u00e1 a una persona responsable de formaci\u00f3n. Entre sus funciones estar\u00e1n la de dinamizar el proceso de elaboraci\u00f3n del Plan de Formaci\u00f3n del centro y transmitir las necesidades derivadas de dicho Plan al personal asesor de referencia del CAP al que pertenece. En caso de que hubiera disponibilidad horaria por parte del centro, se podr\u00edan considerar en el horario personal del Responsable de Formaci\u00f3n en el centro una o dos horas complementarias de dedicaci\u00f3n a estas funciones.<\/p>\n","protected":false},"excerpt":{"rendered":"<p>Las instrucciones de organizaci\u00f3n y funcionamiento indican que cada centro realizar\u00e1 un Plan de Formaci\u00f3n del Profesorado partiendo de la detecci\u00f3n de necesidades, del itinerario formativo desarrollado en el centro y de las l\u00edneas estrat\u00e9gicas propuestas desde el Departamento de Educaci\u00f3n. Para su planificaci\u00f3n, organizaci\u00f3n, desarrollo y evaluaci\u00f3n, los centros podr\u00e1n contar con el apoyo [&hellip;]<\/p>\n","protected":false},"author":1,"featured_media":0,"parent":0,"menu_order":0,"comment_status":"closed","ping_status":"closed","template":"","meta":{"_genesis_hide_title":false,"_genesis_hide_breadcrumbs":false,"_genesis_hide_singular_image":false,"_genesis_hide_footer_widgets":false,"_genesis_custom_body_class":"","_genesis_custom_post_class":"","_genesis_layout":""},"_links":{"self":[{"href":"https:\/\/formacionprofesorado.educacion.navarra.es\/web\/wp-json\/wp\/v2\/pages\/82"}],"collection":[{"href":"https:\/\/formacionprofesorado.educacion.navarra.es\/web\/wp-json\/wp\/v2\/pages"}],"about":[{"href":"https:\/\/formacionprofesorado.educacion.navarra.es\/web\/wp-json\/wp\/v2\/types\/page"}],"author":[{"embeddable":true,"href":"https:\/\/formacionprofesorado.educacion.navarra.es\/web\/wp-json\/wp\/v2\/users\/1"}],"replies":[{"embeddable":true,"href":"https:\/\/formacionprofesorado.educacion.navarra.es\/web\/wp-json\/wp\/v2\/comments?post=82"}],"version-history":[{"count":0,"href":"https:\/\/formacionprofesorado.educacion.navarra.es\/web\/wp-json\/wp\/v2\/pages\/82\/revisions"}],"wp:attachment":[{"href":"https:\/\/formacionprofesorado.educacion.navarra.es\/web\/wp-json\/wp\/v2\/media?parent=82"}],"curies":[{"name":"wp","href":"https:\/\/api.w.org\/{rel}","templated":true}]}}