{"id":880,"date":"2017-12-19T11:50:10","date_gmt":"2017-12-19T10:50:10","guid":{"rendered":"http:\/\/formacionprofesorado.educacion.navarra.es\/web\/?page_id=880"},"modified":"2019-04-04T14:25:56","modified_gmt":"2019-04-04T12:25:56","slug":"emision-en-directo","status":"publish","type":"page","link":"https:\/\/formacionprofesorado.educacion.navarra.es\/web\/emision-en-directo\/","title":{"rendered":"Recursos audiovisuales"},"content":{"rendered":"\n<ul>\n<li>Conferencia de Jes\u00fas Mar\u00eda Go\u00f1i: \u00abBloque IV. La Evaluaci\u00f3n\u00bb. Marzo  2019.<\/li>\n<\/ul>\n<iframe loading=\"lazy\" width=\"560\" height=\"315\" src=\"https:\/\/www.youtube.com\/embed\/NLyBpaBOV3s\" frameborder=\"0\" allow=\"accelerometer; autoplay; encrypted-media; gyroscope; picture-in-picture\" allowfullscreen=\"\"><\/iframe>\n<\/ul>\n\n\n\n<ul>\n<li>Conferencia de Jes\u00fas Mar\u00eda Go\u00f1i: \u00abBloque III. La planificaci\u00f3n de la acci\u00f3n docente\u00bb. Febrero 2019.<\/li>\n<\/ul>\n<iframe loading=\"lazy\" width=\"560\" height=\"315\" src=\"https:\/\/www.youtube.com\/embed\/vI4mbGn1J7c\" frameborder=\"0\" allow=\"accelerometer; autoplay; encrypted-media; gyroscope; picture-in-picture\" allowfullscreen=\"\"><\/iframe>\n<ul>\n<li>Conferencia de Jes\u00fas Mar\u00eda Go\u00f1i: \u00abTareas y Ense\u00f1anza. Actividades y aprendizaje\u00bb. Enero 2019.<\/li>\n<\/ul>\n<p><iframe loading=\"lazy\" src=\"https:\/\/drive.google.com\/file\/d\/1I1sguF0LL9iIPg9ZQCOzqNe2-Qwlhlln\/preview\" width=\"640\" height=\"480\"><\/iframe><\/p>\n<ul>\n<li>Conferencia de Jes\u00fas Mar\u00eda Go\u00f1i: \u00abPrograma para la mejora de la competencia pedag\u00f3gico-did\u00e1ctica\u00bb. Noviembre 2018.<\/li>\n<\/ul>\n<p><iframe loading=\"lazy\" src=\"https:\/\/drive.google.com\/file\/d\/1y08RLBPd5l5m7z6AFKTNdSgSiYx_neLM\/preview\" width=\"640\" height=\"480\"><\/iframe><\/p>\n<ul>\n<li>Conferencia de Boris Mir: \u00abTransformar la educaci\u00f3n, lecciones aprendidas\u00bb. Mayo 2018.<\/li>\n<\/ul>\n<p><iframe loading=\"lazy\" src=\"https:\/\/drive.google.com\/file\/d\/1Q0jawh-y22B43SiASsQ-_1iZcpOnRF4_\/preview\" width=\"560\" height=\"315\"><\/iframe><\/p>\n<ul>\n<li>Conferencia de Gerardo Echeita: \u00abEducaci\u00f3n de calidad para todas y todos. Equidad, inclusi\u00f3n y atenci\u00f3n a la diversidad\u00bb. Abril 2018.<\/li>\n<\/ul>\n<p><iframe loading=\"lazy\" src=\"https:\/\/www.youtube.com\/embed\/ATgj6_Toi2k\" width=\"560\" height=\"315\" frameborder=\"0\" allowfullscreen=\"allowfullscreen\"><\/iframe><\/p>\n<ul>\n<li>Conferencia de Carles Monereo: \u00abEvaluaci\u00f3n aut\u00e9ntica. C\u00f3mo convertir nuestras pruebas en competenciales e inclusivas\u200b\u00bb. Marzo 2018.<\/li>\n<\/ul>\n<p><iframe loading=\"lazy\" src=\"https:\/\/drive.google.com\/file\/d\/1zzr29wxjercPqxe_cTy1qz6EEVOFHuw_\/preview\" width=\"560\" height=\"315\"><\/iframe><\/p>\n<ul>\n<li>Conferencia de C\u00e9sar Garc\u00eda Rinc\u00f3n: \u00abEl curr\u00edculo como cartograf\u00eda de las inteligencias\u00bb. Febrero de 2018.<\/li>\n<\/ul>\n<p><iframe loading=\"lazy\" src=\"https:\/\/www.youtube.com\/embed\/nJhmq3Qoevk\" width=\"560\" height=\"315\" frameborder=\"0\" allowfullscreen=\"allowfullscreen\"><\/iframe><\/p>\n<ul>\n<li>&nbsp;Conferencia de Joan Vaello: \u00abDe los procesos de aprendizaje-ense\u00f1anza. Competencias docentes clave para una escuela de \u00e9xito\u00bb. Febrero 2018.<\/li>\n<\/ul>\n<p><iframe loading=\"lazy\" src=\"https:\/\/www.youtube.com\/embed\/mLc-75p1h0I\" width=\"560\" height=\"315\" frameborder=\"0\" allowfullscreen=\"allowfullscreen\"><\/iframe><\/p>\n<ul>\n<li>Visualizaci\u00f3n del streaming de la conferencia de Jes\u00fas Mar\u00eda Go\u00f1i Zabala. \u00abCambio de rumbo en los centros: claves y dificultades\u201d. Enero 2018.<\/li>\n<\/ul>\n<p><iframe loading=\"lazy\" src=\"https:\/\/www.youtube.com\/embed\/yu4Z0IZ7aa4\" width=\"560\" height=\"315\" frameborder=\"0\" allowfullscreen=\"allowfullscreen\"><\/iframe><\/p>\n","protected":false},"excerpt":{"rendered":"<p>Conferencia de Jes\u00fas Mar\u00eda Go\u00f1i: \u00abBloque IV. La Evaluaci\u00f3n\u00bb. Marzo 2019. Conferencia de Jes\u00fas Mar\u00eda Go\u00f1i: \u00abBloque III. La planificaci\u00f3n de la acci\u00f3n docente\u00bb. Febrero 2019. Conferencia de Jes\u00fas Mar\u00eda Go\u00f1i: \u00abTareas y Ense\u00f1anza. Actividades y aprendizaje\u00bb. Enero 2019. Conferencia de Jes\u00fas Mar\u00eda Go\u00f1i: \u00abPrograma para la mejora de la competencia pedag\u00f3gico-did\u00e1ctica\u00bb. Noviembre 2018. Conferencia [&hellip;]<\/p>\n","protected":false},"author":1,"featured_media":0,"parent":0,"menu_order":0,"comment_status":"closed","ping_status":"closed","template":"","meta":{"_genesis_hide_title":false,"_genesis_hide_breadcrumbs":false,"_genesis_hide_singular_image":false,"_genesis_hide_footer_widgets":false,"_genesis_custom_body_class":"","_genesis_custom_post_class":"","_genesis_layout":""},"_links":{"self":[{"href":"https:\/\/formacionprofesorado.educacion.navarra.es\/web\/wp-json\/wp\/v2\/pages\/880"}],"collection":[{"href":"https:\/\/formacionprofesorado.educacion.navarra.es\/web\/wp-json\/wp\/v2\/pages"}],"about":[{"href":"https:\/\/formacionprofesorado.educacion.navarra.es\/web\/wp-json\/wp\/v2\/types\/page"}],"author":[{"embeddable":true,"href":"https:\/\/formacionprofesorado.educacion.navarra.es\/web\/wp-json\/wp\/v2\/users\/1"}],"replies":[{"embeddable":true,"href":"https:\/\/formacionprofesorado.educacion.navarra.es\/web\/wp-json\/wp\/v2\/comments?post=880"}],"version-history":[{"count":0,"href":"https:\/\/formacionprofesorado.educacion.navarra.es\/web\/wp-json\/wp\/v2\/pages\/880\/revisions"}],"wp:attachment":[{"href":"https:\/\/formacionprofesorado.educacion.navarra.es\/web\/wp-json\/wp\/v2\/media?parent=880"}],"curies":[{"name":"wp","href":"https:\/\/api.w.org\/{rel}","templated":true}]}}